{"id":396,"date":"2014-11-07T10:39:29","date_gmt":"2014-11-07T10:39:29","guid":{"rendered":"http:\/\/coprusaic.es\/wordpress\/?page_id=396"},"modified":"2014-11-07T11:17:47","modified_gmt":"2014-11-07T11:17:47","slug":"aviso-legal","status":"publish","type":"page","link":"https:\/\/coprusaic.es\/?page_id=396","title":{"rendered":"Aviso Legal"},"content":{"rendered":"<p style=\"text-align: justify\">El presente aviso legal regula el uso del sitio web www.coprusaic.es (en adelante, el \u00abSitio Web\u00bb) de COPRUSA IC con CIF B96254750 con domicilio en C\/ Ponent N\u00ba17-19 de Palma de Gandia 46724 (Valencia) e Inscrita en el Registro Mercantil de Valencia Tomo 4854-Libro 2163-Folio 9-Hoja V-33871-Secci\u00f3n General Inscripci\u00f3n 1\u00aa<br \/>\nLEGISLACI\u00d3N<br \/>\nCon car\u00e1cter general las relaciones entre COPRUSA IC con los Usuarios de sus servicios telem\u00e1ticos, presentes en este sitio web, se encuentran sometidas a la legislaci\u00f3n y jurisdicci\u00f3n espa\u00f1olas.<br \/>\nUSO Y ACCESO DE USUARIOS<br \/>\nEl Usuario queda informado, y acepta, que el acceso a la presente web no supone, en modo alguno, el inicio de una relaci\u00f3n comercial con COPRUSA IC o cualquiera de sus distribuidores.<br \/>\nPROPIEDAD INTELECTUAL E INDUSTRIAL<br \/>\nLos derechos de propiedad intelectual del contenido de las p\u00e1ginas web, su dise\u00f1o gr\u00e1fico y c\u00f3digos son titularidad de COPRUSA IC y, por tanto, queda prohibida su reproducci\u00f3n, distribuci\u00f3n, comunicaci\u00f3n p\u00fablica, transformaci\u00f3n o cualquier otra actividad que se pueda realizar con los contenidos de sus p\u00e1ginas web ni a\u00fan citando las fuentes, salvo consentimiento por escrito de COPRUSA IC<br \/>\nHIPERENLACES<br \/>\nAquellas personas que se propongan establecer hiperenlaces entre su p\u00e1gina Web y la P\u00e1gina deber\u00e1n observar y cumplir las condiciones siguientes:<br \/>\n\uf0fc No ser\u00e1 necesaria autorizaci\u00f3n previa cuando el Hiperenlace permita \u00fanicamente el acceso a la p\u00e1gina de inicio, pero no podr\u00e1 reproducirla de ninguna forma. Cualquier otra forma de Hiperenlace requerir\u00e1 la autorizaci\u00f3n expresa e inequ\u00edvoca por escrito por parte de COPRUSA IC<br \/>\n\uf0fc No se crear\u00e1n \u201cmarcos\u201d (\u201cframes\u201d) con las p\u00e1ginas Web ni sobre las p\u00e1ginas Web de COPRUSA IC<br \/>\n\uf0fc No se realizar\u00e1n manifestaciones o indicaciones falsas, inexactas, u ofensivas sobre COPRUSA IC sus directivos, sus empleados o colaboradores, o de las personas que se relacionen en la P\u00e1gina por cualquier motivo, o de los Usuarios de las P\u00e1gina, o de los Contenidos suministrados.<br \/>\n\uf0fc No se declarar\u00e1 ni se dar\u00e1 a entender que COPRUSA IC ha autorizado el Hiperenlace o que ha supervisado o asumido de cualquier forma los Contenidos ofrecidos o puestos a disposici\u00f3n de la p\u00e1gina Web en la que se establece el Hiperenlace.<br \/>\n\uf0fc La p\u00e1gina Web en la que se establezca el Hiperenlace solo podr\u00e1 contener lo estrictamente necesario para identificar el destino del Hiperenlace.<br \/>\n\uf0fc La p\u00e1gina Web en la que se establezca el Hiperenlace no contendr\u00e1 informaciones o contenidos il\u00edcitos, contrarios a la moral y a las buenas costumbres generalmente aceptadas y al orden p\u00fablico, as\u00ed como tampoco contendr\u00e1 contenidos contrarios a cualesquiera derechos de terceros.<\/p>\n","protected":false},"excerpt":{"rendered":"<p class=\"lead\">El presente aviso legal regula el uso del sitio web www.coprusaic.es (en adelante, el \u00abSitio Web\u00bb) de COPRUSA IC con CIF B96254750 con domicilio en C\/ Ponent N\u00ba17-19 de Palma de Gandia 46724 (Valencia) e Inscrita en el Registro Mercantil de Valencia Tomo 4854-Libro 2163-Folio 9-Hoja V-33871-Secci\u00f3n General Inscripci\u00f3n 1\u00aa LEGISLACI\u00d3N Con car\u00e1cter general las relaciones entre COPRUSA IC con&hellip;<\/p>\n<p class=\"more-link-p\"><a class=\"btn btn-success\" href=\"https:\/\/coprusaic.es\/?page_id=396\">Read more<\/a><\/p>\n","protected":false},"author":1,"featured_media":0,"parent":263,"menu_order":0,"comment_status":"open","ping_status":"open","template":"","meta":{"footnotes":""},"_links":{"self":[{"href":"https:\/\/coprusaic.es\/index.php?rest_route=\/wp\/v2\/pages\/396"}],"collection":[{"href":"https:\/\/coprusaic.es\/index.php?rest_route=\/wp\/v2\/pages"}],"about":[{"href":"https:\/\/coprusaic.es\/index.php?rest_route=\/wp\/v2\/types\/page"}],"author":[{"embeddable":true,"href":"https:\/\/coprusaic.es\/index.php?rest_route=\/wp\/v2\/users\/1"}],"replies":[{"embeddable":true,"href":"https:\/\/coprusaic.es\/index.php?rest_route=%2Fwp%2Fv2%2Fcomments&post=396"}],"version-history":[{"count":4,"href":"https:\/\/coprusaic.es\/index.php?rest_route=\/wp\/v2\/pages\/396\/revisions"}],"predecessor-version":[{"id":402,"href":"https:\/\/coprusaic.es\/index.php?rest_route=\/wp\/v2\/pages\/396\/revisions\/402"}],"up":[{"embeddable":true,"href":"https:\/\/coprusaic.es\/index.php?rest_route=\/wp\/v2\/pages\/263"}],"wp:attachment":[{"href":"https:\/\/coprusaic.es\/index.php?rest_route=%2Fwp%2Fv2%2Fmedia&parent=396"}],"curies":[{"name":"wp","href":"https:\/\/api.w.org\/{rel}","templated":true}]}}